{"id":565,"date":"2022-06-30T17:32:07","date_gmt":"2022-06-30T23:32:07","guid":{"rendered":"https:\/\/www.esmartservicios.com.mx\/?page_id=565"},"modified":"2026-04-03T11:12:08","modified_gmt":"2026-04-03T17:12:08","slug":"esmart-servicios","status":"publish","type":"page","link":"https:\/\/www.esmartservicios.com.mx\/","title":{"rendered":"ESMART SERVICIOS"},"content":{"rendered":"\t\t<div data-elementor-type=\"wp-page\" data-elementor-id=\"565\" class=\"elementor elementor-565\">\n\t\t\t\t\t\t<section class=\"elementor-section elementor-top-section elementor-element elementor-element-0100c73 elementor-section-boxed elementor-section-height-default elementor-section-height-default\" data-id=\"0100c73\" data-element_type=\"section\">\n\t\t\t\t\t\t<div class=\"elementor-container elementor-column-gap-default\">\n\t\t\t\t\t<div class=\"elementor-column elementor-col-100 elementor-top-column elementor-element elementor-element-9bfe085\" data-id=\"9bfe085\" data-element_type=\"column\">\n\t\t\t<div class=\"elementor-widget-wrap elementor-element-populated\">\n\t\t\t\t\t\t<div class=\"elementor-element elementor-element-dda58e7 elementor-invisible elementor-widget elementor-widget-image\" data-id=\"dda58e7\" data-element_type=\"widget\" data-settings=\"{&quot;_animation&quot;:&quot;rollIn&quot;}\" data-widget_type=\"image.default\">\n\t\t\t\t<div class=\"elementor-widget-container\">\n\t\t\t\t\t\t\t\t\t\t\t\t\t\t\t<img fetchpriority=\"high\" decoding=\"async\" width=\"580\" height=\"193\" src=\"https:\/\/www.esmartservicios.com.mx\/wp-content\/uploads\/2022\/06\/banner-2-2-1024x341.jpg\" class=\"attachment-large size-large wp-image-572\" alt=\"\" srcset=\"https:\/\/www.esmartservicios.com.mx\/wp-content\/uploads\/2022\/06\/banner-2-2-1024x341.jpg 1024w, https:\/\/www.esmartservicios.com.mx\/wp-content\/uploads\/2022\/06\/banner-2-2-300x100.jpg 300w, https:\/\/www.esmartservicios.com.mx\/wp-content\/uploads\/2022\/06\/banner-2-2-768x256.jpg 768w, https:\/\/www.esmartservicios.com.mx\/wp-content\/uploads\/2022\/06\/banner-2-2-1536x512.jpg 1536w, https:\/\/www.esmartservicios.com.mx\/wp-content\/uploads\/2022\/06\/banner-2-2-2048x683.jpg 2048w, https:\/\/www.esmartservicios.com.mx\/wp-content\/uploads\/2022\/06\/banner-2-2-1568x523.jpg 1568w\" sizes=\"(max-width: 580px) 100vw, 580px\" \/>\t\t\t\t\t\t\t\t\t\t\t\t\t\t\t<\/div>\n\t\t\t\t<\/div>\n\t\t\t\t<div class=\"elementor-element elementor-element-0ea48ce elementor-widget__width-initial elementor-invisible elementor-widget elementor-widget-text-editor\" data-id=\"0ea48ce\" data-element_type=\"widget\" data-settings=\"{&quot;_animation&quot;:&quot;zoomInLeft&quot;}\" data-widget_type=\"text-editor.default\">\n\t\t\t\t<div class=\"elementor-widget-container\">\n\t\t\t\t\t\t\t\t\t<h3><strong>ESMART Servicios.<\/strong><\/h3><p>Somos<strong> profesionistas apasionados por las tecnolog\u00edas de la informaci\u00f3n y las telecomunicaciones<\/strong>, con m\u00e1s de 20 a\u00f1os de experiencia respaldando proyectos de redes de voz, datos y video. Nuestro equipo se ha forjado en el mantenimiento preventivo y correctivo, la instalaci\u00f3n y el soporte t\u00e9cnico especializado y la gesti\u00f3n integral de proyectos.<\/p><p>Nos distingue el compromiso, la actualizaci\u00f3n constante y el entendimiento profundo de las necesidades tecnol\u00f3gicas actuales, lo que nos permite acompa\u00f1ar a empresas, instituciones y organizaciones en cada etapa de su transformaci\u00f3n digital.<\/p><p><strong>Presencia Estrat\u00e9gica en las Principales Ciudades de M\u00e9xico: Soporte T\u00e9cnico y Soluciones para soporte a Redes a la Medida<\/strong><\/p><p>Compromiso, experiencia y cobertura nacional para tus necesidades tecnol\u00f3gicas<\/p>\t\t\t\t\t\t\t\t<\/div>\n\t\t\t\t<\/div>\n\t\t\t\t\t<\/div>\n\t\t<\/div>\n\t\t\t\t\t<\/div>\n\t\t<\/section>\n\t\t\t\t<section class=\"elementor-section elementor-top-section elementor-element elementor-element-d316ab5 elementor-section-boxed elementor-section-height-default elementor-section-height-default\" data-id=\"d316ab5\" data-element_type=\"section\">\n\t\t\t\t\t\t<div class=\"elementor-container elementor-column-gap-default\">\n\t\t\t\t\t<div class=\"elementor-column elementor-col-100 elementor-top-column elementor-element elementor-element-8505911\" data-id=\"8505911\" data-element_type=\"column\">\n\t\t\t<div class=\"elementor-widget-wrap elementor-element-populated\">\n\t\t\t\t\t\t<div class=\"elementor-element elementor-element-f3bcdaf elementor-widget elementor-widget-text-editor\" data-id=\"f3bcdaf\" data-element_type=\"widget\" data-widget_type=\"text-editor.default\">\n\t\t\t\t<div class=\"elementor-widget-container\">\n\t\t\t\t\t\t\t\t\t<h3><b>Casos de \u00c9xito: Experiencia y Cobertura Nacional<\/b><\/h3><p>Nuestra capacidad log\u00edstica y t\u00e9cnica nos ha permitido consolidarnos como un aliado estrat\u00e9gico en infraestructura tecnol\u00f3gica. Durante el \u00faltimo a\u00f1o, hemos tenido presencia activa en <b>256 municipios<\/b> del pa\u00eds, atendiendo con \u00e9xito las demandas de sectores cr\u00edticos.<\/p><h4><b>Nuestras Soluciones<\/b><\/h4><p>Garantizamos la continuidad operativa a trav\u00e9s de <b>servicios especializados de campo<\/b>:<\/p><ul><li><b>Instalaci\u00f3n:<\/b> Despliegue de equipos de telecomunicaciones y nodos de red.<\/li><li><b>Mantenimiento:<\/b> Programas preventivos para asegurar el rendimiento \u00f3ptimo.<\/li><li><b>Atenci\u00f3n Inmediata:<\/b> Respuesta efectiva ante incidentes y fallas t\u00e9cnicas.<\/li><li><b>Validaciones rigurosas y pruebas de operaci\u00f3n.<\/b><\/li><\/ul><h4><b>Especializaci\u00f3n en Tecnolog\u00eda de Vanguardia<\/b><\/h4><p>Impulsamos la eficiencia mediante la implementaci\u00f3n de soluciones avanzadas:<\/p><ul><li><b>Internet de las Cosas (<\/b><b>IoT<\/b><b>) y Telemetr\u00eda:<\/b> Instalaci\u00f3n y soporte<\/li><li><b>Seguridad Inteligente:<\/b> <b>Log\u00edstica <\/b><b>y Suministros:<\/b> Control tecnol\u00f3gico para la cadena de suministro, transporte de mercanc\u00edas y transporte de personal.<\/li><li><b>Sistemas <\/b><b>de videovigilancia equipados con tecnolog\u00eda ADAS <\/b>(Asistencia Avanzada al Conductor)<\/li><\/ul><h4><b>Sectores que Conf\u00edan en Nosotros<\/b><\/h4><p>Nuestra versatilidad nos permite servir a una amplia variedad de industrias:<\/p><ul><li><b>Gobierno y Finanzas:<\/b> Entidades gubernamentales e instituciones bancarias.<\/li><li><b>Industria y Manufactura:<\/b> Maquiladoras y empresas privadas de gran escala.<\/li><li><b>Retail<\/b><b> y Consumo:<\/b> Supermercados, tiendas de conveniencia y comercios.<\/li><li><b>Negocios Locales:<\/b> Soluciones a medida para peque\u00f1as empresas<\/li><\/ul>\t\t\t\t\t\t\t\t<\/div>\n\t\t\t\t<\/div>\n\t\t\t\t\t<\/div>\n\t\t<\/div>\n\t\t\t\t\t<\/div>\n\t\t<\/section>\n\t\t\t\t<\/div>\n\t\t","protected":false},"excerpt":{"rendered":"<p>ESMART Servicios. Somos profesionistas apasionados por las tecnolog\u00edas de la informaci\u00f3n y las telecomunicaciones, con m\u00e1s de 20 a\u00f1os de experiencia respaldando proyectos de redes de voz, datos y video. Nuestro equipo se ha forjado en el mantenimiento preventivo y correctivo, la instalaci\u00f3n y el soporte t\u00e9cnico especializado y la gesti\u00f3n integral de proyectos. Nos [&hellip;]<\/p>\n","protected":false},"author":1,"featured_media":0,"parent":0,"menu_order":0,"comment_status":"closed","ping_status":"closed","template":"elementor_header_footer","meta":{"footnotes":""},"class_list":["post-565","page","type-page","status-publish","hentry"],"_links":{"self":[{"href":"https:\/\/www.esmartservicios.com.mx\/index.php?rest_route=\/wp\/v2\/pages\/565","targetHints":{"allow":["GET"]}}],"collection":[{"href":"https:\/\/www.esmartservicios.com.mx\/index.php?rest_route=\/wp\/v2\/pages"}],"about":[{"href":"https:\/\/www.esmartservicios.com.mx\/index.php?rest_route=\/wp\/v2\/types\/page"}],"author":[{"embeddable":true,"href":"https:\/\/www.esmartservicios.com.mx\/index.php?rest_route=\/wp\/v2\/users\/1"}],"replies":[{"embeddable":true,"href":"https:\/\/www.esmartservicios.com.mx\/index.php?rest_route=%2Fwp%2Fv2%2Fcomments&post=565"}],"version-history":[{"count":254,"href":"https:\/\/www.esmartservicios.com.mx\/index.php?rest_route=\/wp\/v2\/pages\/565\/revisions"}],"predecessor-version":[{"id":1309,"href":"https:\/\/www.esmartservicios.com.mx\/index.php?rest_route=\/wp\/v2\/pages\/565\/revisions\/1309"}],"wp:attachment":[{"href":"https:\/\/www.esmartservicios.com.mx\/index.php?rest_route=%2Fwp%2Fv2%2Fmedia&parent=565"}],"curies":[{"name":"wp","href":"https:\/\/api.w.org\/{rel}","templated":true}]}}