{"id":211,"date":"2021-04-10T17:51:04","date_gmt":"2021-04-10T17:51:04","guid":{"rendered":"https:\/\/www.esmartservicios.com.mx\/?page_id=211"},"modified":"2025-07-08T18:39:09","modified_gmt":"2025-07-09T00:39:09","slug":"servicios-del-mes","status":"publish","type":"page","link":"https:\/\/www.esmartservicios.com.mx\/?page_id=211","title":{"rendered":"Nuestra misi\u00f3n"},"content":{"rendered":"\t\t<div data-elementor-type=\"wp-page\" data-elementor-id=\"211\" class=\"elementor elementor-211\">\n\t\t\t\t\t\t<section class=\"elementor-section elementor-top-section elementor-element elementor-element-5b22474e elementor-section-boxed elementor-section-height-default elementor-section-height-default\" data-id=\"5b22474e\" data-element_type=\"section\">\n\t\t\t\t\t\t<div class=\"elementor-container elementor-column-gap-default\">\n\t\t\t\t\t<div class=\"elementor-column elementor-col-100 elementor-top-column elementor-element elementor-element-1a1e310b\" data-id=\"1a1e310b\" data-element_type=\"column\">\n\t\t\t<div class=\"elementor-widget-wrap elementor-element-populated\">\n\t\t\t\t\t\t<div class=\"elementor-element elementor-element-9fe595f elementor-widget__width-initial elementor-invisible elementor-widget elementor-widget-image\" data-id=\"9fe595f\" data-element_type=\"widget\" data-settings=\"{&quot;_animation&quot;:&quot;rollIn&quot;,&quot;_animation_delay&quot;:0}\" data-widget_type=\"image.default\">\n\t\t\t\t<div class=\"elementor-widget-container\">\n\t\t\t\t\t\t\t\t\t\t\t\t\t\t\t<img fetchpriority=\"high\" decoding=\"async\" width=\"939\" height=\"300\" src=\"https:\/\/www.esmartservicios.com.mx\/wp-content\/uploads\/2025\/04\/Esmart.png\" class=\"attachment-1536x1536 size-1536x1536 wp-image-1134\" alt=\"\" srcset=\"https:\/\/www.esmartservicios.com.mx\/wp-content\/uploads\/2025\/04\/Esmart.png 939w, https:\/\/www.esmartservicios.com.mx\/wp-content\/uploads\/2025\/04\/Esmart-300x96.png 300w, https:\/\/www.esmartservicios.com.mx\/wp-content\/uploads\/2025\/04\/Esmart-768x245.png 768w\" sizes=\"(max-width: 939px) 100vw, 939px\" \/>\t\t\t\t\t\t\t\t\t\t\t\t\t\t\t<\/div>\n\t\t\t\t<\/div>\n\t\t\t\t<div class=\"elementor-element elementor-element-23a2deb0 elementor-invisible elementor-widget elementor-widget-text-editor\" data-id=\"23a2deb0\" data-element_type=\"widget\" data-settings=\"{&quot;_animation&quot;:&quot;zoomInLeft&quot;}\" data-widget_type=\"text-editor.default\">\n\t\t\t\t<div class=\"elementor-widget-container\">\n\t\t\t\t\t\t\t\t\t<h3><strong>Compromiso con la Calidad y la Innovaci\u00f3n<\/strong><\/h3><p>Cada proyecto y cada servicio son una oportunidad para demostrar nuestro compromiso con la excelencia. Implementamos procesos estandarizados y utilizamos herramientas de \u00faltima generaci\u00f3n para asegurar que cada intervenci\u00f3n, ya sea de instalaci\u00f3n, mantenimiento preventivo o correctivo, cumpla con los m\u00e1s altos est\u00e1ndares de calidad.<\/p><p>Adem\u00e1s, trabajamos estrechamente con los clientes para identificar nuevas \u00e1reas de oportunidad, proponiendo soluciones innovadoras que permitan anticipar tendencias tecnol\u00f3gicas y fortalecer la competitividad de cada organizaci\u00f3n.<\/p><p>\u00a0<\/p>\t\t\t\t\t\t\t\t<\/div>\n\t\t\t\t<\/div>\n\t\t\t\t\t<\/div>\n\t\t<\/div>\n\t\t\t\t\t<\/div>\n\t\t<\/section>\n\t\t\t\t<\/div>\n\t\t","protected":false},"excerpt":{"rendered":"<p>Compromiso con la Calidad y la Innovaci\u00f3n Cada proyecto y cada servicio son una oportunidad para demostrar nuestro compromiso con la excelencia. Implementamos procesos estandarizados y utilizamos herramientas de \u00faltima generaci\u00f3n para asegurar que cada intervenci\u00f3n, ya sea de instalaci\u00f3n, mantenimiento preventivo o correctivo, cumpla con los m\u00e1s altos est\u00e1ndares de calidad. Adem\u00e1s, trabajamos estrechamente [&hellip;]<\/p>\n","protected":false},"author":1,"featured_media":0,"parent":0,"menu_order":0,"comment_status":"closed","ping_status":"closed","template":"elementor_header_footer","meta":{"footnotes":""},"class_list":["post-211","page","type-page","status-publish","hentry"],"_links":{"self":[{"href":"https:\/\/www.esmartservicios.com.mx\/index.php?rest_route=\/wp\/v2\/pages\/211","targetHints":{"allow":["GET"]}}],"collection":[{"href":"https:\/\/www.esmartservicios.com.mx\/index.php?rest_route=\/wp\/v2\/pages"}],"about":[{"href":"https:\/\/www.esmartservicios.com.mx\/index.php?rest_route=\/wp\/v2\/types\/page"}],"author":[{"embeddable":true,"href":"https:\/\/www.esmartservicios.com.mx\/index.php?rest_route=\/wp\/v2\/users\/1"}],"replies":[{"embeddable":true,"href":"https:\/\/www.esmartservicios.com.mx\/index.php?rest_route=%2Fwp%2Fv2%2Fcomments&post=211"}],"version-history":[{"count":107,"href":"https:\/\/www.esmartservicios.com.mx\/index.php?rest_route=\/wp\/v2\/pages\/211\/revisions"}],"predecessor-version":[{"id":1250,"href":"https:\/\/www.esmartservicios.com.mx\/index.php?rest_route=\/wp\/v2\/pages\/211\/revisions\/1250"}],"wp:attachment":[{"href":"https:\/\/www.esmartservicios.com.mx\/index.php?rest_route=%2Fwp%2Fv2%2Fmedia&parent=211"}],"curies":[{"name":"wp","href":"https:\/\/api.w.org\/{rel}","templated":true}]}}