{"id":115,"date":"2021-02-27T05:09:08","date_gmt":"2021-02-27T11:09:08","guid":{"rendered":"https:\/\/www.esmartservicios.com.mx\/?page_id=115"},"modified":"2026-04-03T11:14:29","modified_gmt":"2026-04-03T17:14:29","slug":"donde-estamos","status":"publish","type":"page","link":"https:\/\/www.esmartservicios.com.mx\/?page_id=115","title":{"rendered":"\u00bfDonde estamos?"},"content":{"rendered":"\t\t<div data-elementor-type=\"wp-page\" data-elementor-id=\"115\" class=\"elementor elementor-115\">\n\t\t\t\t\t\t<section class=\"elementor-section elementor-top-section elementor-element elementor-element-6a5bdc2d elementor-section-boxed elementor-section-height-default elementor-section-height-default\" data-id=\"6a5bdc2d\" data-element_type=\"section\">\n\t\t\t\t\t\t<div class=\"elementor-container elementor-column-gap-default\">\n\t\t\t\t\t<div class=\"elementor-column elementor-col-100 elementor-top-column elementor-element elementor-element-b76bd8f\" data-id=\"b76bd8f\" data-element_type=\"column\">\n\t\t\t<div class=\"elementor-widget-wrap elementor-element-populated\">\n\t\t\t\t\t\t<div class=\"elementor-element elementor-element-7d9f51d elementor-widget__width-initial elementor-invisible elementor-widget elementor-widget-image\" data-id=\"7d9f51d\" data-element_type=\"widget\" data-settings=\"{&quot;_animation&quot;:&quot;rollIn&quot;}\" data-widget_type=\"image.default\">\n\t\t\t\t<div class=\"elementor-widget-container\">\n\t\t\t\t\t\t\t\t\t\t\t\t\t\t\t<img fetchpriority=\"high\" decoding=\"async\" width=\"580\" height=\"185\" src=\"https:\/\/www.esmartservicios.com.mx\/wp-content\/uploads\/2025\/04\/Esmart.png\" class=\"attachment-large size-large wp-image-1134\" alt=\"\" srcset=\"https:\/\/www.esmartservicios.com.mx\/wp-content\/uploads\/2025\/04\/Esmart.png 939w, https:\/\/www.esmartservicios.com.mx\/wp-content\/uploads\/2025\/04\/Esmart-300x96.png 300w, https:\/\/www.esmartservicios.com.mx\/wp-content\/uploads\/2025\/04\/Esmart-768x245.png 768w\" sizes=\"(max-width: 580px) 100vw, 580px\" \/>\t\t\t\t\t\t\t\t\t\t\t\t\t\t\t<\/div>\n\t\t\t\t<\/div>\n\t\t\t\t<div class=\"elementor-element elementor-element-38b9bd0f elementor-widget__width-initial elementor-invisible elementor-widget elementor-widget-text-editor\" data-id=\"38b9bd0f\" data-element_type=\"widget\" data-settings=\"{&quot;_animation&quot;:&quot;zoomInLeft&quot;}\" data-widget_type=\"text-editor.default\">\n\t\t\t\t<div class=\"elementor-widget-container\">\n\t\t\t\t\t\t\t\t\t<h3><strong>Presencia Estrat\u00e9gica en las Principales Ciudades de M\u00e9xico:<br \/><\/strong><strong>Soporte T\u00e9cnico y Soluciones para soporte a Redes a la Medida<\/strong><\/h3><p>Nuestra capacidad log\u00edstica y t\u00e9cnica nos ha permitido consolidarnos como un aliado estrat\u00e9gico en infraestructura tecnol\u00f3gica. Durante el \u00faltimo a\u00f1o, hemos tenido presencia activa en <b>256 municipios<\/b> del pa\u00eds, atendiendo con \u00e9xito las demandas de sectores cr\u00edticos.<\/p><p>Compromiso, experiencia y cobertura nacional para tus necesidades tecnol\u00f3gicas<\/p><p>En un mundo donde la tecnolog\u00eda evoluciona a ritmo acelerado y donde la conectividad es indispensable para la operaci\u00f3n eficiente de toda organizaci\u00f3n, contar con un aliado estrat\u00e9gico que brinde soporte t\u00e9cnico especializado y soluciones de redes personalizadas marca la diferencia. Nuestra empresa se distingue por su presencia estrat\u00e9gica en las principales ciudades de M\u00e9xico, respaldada por un equipo de ingenieros capacitados, listos para atender los retos tecnol\u00f3gicos de empresas, instituciones y organizaciones en cualquier sector.<\/p><h3><strong>Presencia Nacional: Ingenier\u00eda en Movimiento<\/strong><\/h3><p>La cobertura nacional no es un simple eslogan. Nuestra red de ingenieros y especialistas se extiende a lo largo y ancho del pa\u00eds, permitiendo responder de manera \u00e1gil y eficiente ante cualquier necesidad t\u00e9cnica, sin importar la ubicaci\u00f3n. Desde Tijuana hasta Canc\u00fan, pasando por Monterrey, Guadalajara, Ciudad de M\u00e9xico, Quer\u00e9taro, Puebla y M\u00e9rida, nuestro personal est\u00e1 listo para desplazarse o brindar atenci\u00f3n remota, asegurando la continuidad operativa de los sistemas de telecomunicaciones y tecnolog\u00eda de la informaci\u00f3n en cada rinc\u00f3n donde la innovaci\u00f3n sea requerida.<\/p><h3 style=\"text-align: center;\">\u00a0<\/h3><p><!-- \/wp:gallery --><\/p>\t\t\t\t\t\t\t\t<\/div>\n\t\t\t\t<\/div>\n\t\t\t\t\t<\/div>\n\t\t<\/div>\n\t\t\t\t\t<\/div>\n\t\t<\/section>\n\t\t\t\t<section class=\"elementor-section elementor-top-section elementor-element elementor-element-4ae5457 elementor-section-boxed elementor-section-height-default elementor-section-height-default\" data-id=\"4ae5457\" data-element_type=\"section\">\n\t\t\t\t\t\t<div class=\"elementor-container elementor-column-gap-default\">\n\t\t\t\t\t<div class=\"elementor-column elementor-col-100 elementor-top-column elementor-element elementor-element-c0dd619\" data-id=\"c0dd619\" data-element_type=\"column\">\n\t\t\t<div class=\"elementor-widget-wrap elementor-element-populated\">\n\t\t\t\t\t\t<div class=\"elementor-element elementor-element-d282a04 elementor-align-left elementor-widget elementor-widget-button\" data-id=\"d282a04\" data-element_type=\"widget\" data-widget_type=\"button.default\">\n\t\t\t\t<div class=\"elementor-widget-container\">\n\t\t\t\t\t\t\t\t\t<div class=\"elementor-button-wrapper\">\n\t\t\t\t\t<a class=\"elementor-button elementor-button-link elementor-size-sm\" href=\"https:\/\/www.esmartservicios.com.mx\/?page_id=7(abre%20en%20una%20nueva%20pesta\u00f1a)\" target=\"_blank\">\n\t\t\t\t\t\t<span class=\"elementor-button-content-wrapper\">\n\t\t\t\t\t\t\t\t\t<span class=\"elementor-button-text\">Contacto<\/span>\n\t\t\t\t\t<\/span>\n\t\t\t\t\t<\/a>\n\t\t\t\t<\/div>\n\t\t\t\t\t\t\t\t<\/div>\n\t\t\t\t<\/div>\n\t\t\t\t<div class=\"elementor-element elementor-element-bf44f78 elementor-widget elementor-widget-image\" data-id=\"bf44f78\" data-element_type=\"widget\" data-widget_type=\"image.default\">\n\t\t\t\t<div class=\"elementor-widget-container\">\n\t\t\t\t\t\t\t\t\t\t\t\t\t\t\t<img decoding=\"async\" width=\"1536\" height=\"976\" src=\"https:\/\/www.esmartservicios.com.mx\/wp-content\/uploads\/2025\/07\/cobertura-EMS-1536x976.png\" class=\"attachment-1536x1536 size-1536x1536 wp-image-1260\" alt=\"\" srcset=\"https:\/\/www.esmartservicios.com.mx\/wp-content\/uploads\/2025\/07\/cobertura-EMS-1536x976.png 1536w, https:\/\/www.esmartservicios.com.mx\/wp-content\/uploads\/2025\/07\/cobertura-EMS-300x191.png 300w, https:\/\/www.esmartservicios.com.mx\/wp-content\/uploads\/2025\/07\/cobertura-EMS-1024x651.png 1024w, https:\/\/www.esmartservicios.com.mx\/wp-content\/uploads\/2025\/07\/cobertura-EMS-768x488.png 768w, https:\/\/www.esmartservicios.com.mx\/wp-content\/uploads\/2025\/07\/cobertura-EMS-1200x763.png 1200w, https:\/\/www.esmartservicios.com.mx\/wp-content\/uploads\/2025\/07\/cobertura-EMS.png 1641w\" sizes=\"(max-width: 1536px) 100vw, 1536px\" \/>\t\t\t\t\t\t\t\t\t\t\t\t\t\t\t<\/div>\n\t\t\t\t<\/div>\n\t\t\t\t\t<\/div>\n\t\t<\/div>\n\t\t\t\t\t<\/div>\n\t\t<\/section>\n\t\t\t\t<section class=\"elementor-section elementor-top-section elementor-element elementor-element-21334cc elementor-section-boxed elementor-section-height-default elementor-section-height-default\" data-id=\"21334cc\" data-element_type=\"section\">\n\t\t\t\t\t\t<div class=\"elementor-container elementor-column-gap-default\">\n\t\t\t\t\t<div class=\"elementor-column elementor-col-100 elementor-top-column elementor-element elementor-element-0dfee39\" data-id=\"0dfee39\" data-element_type=\"column\">\n\t\t\t<div class=\"elementor-widget-wrap\">\n\t\t\t\t\t\t\t<\/div>\n\t\t<\/div>\n\t\t\t\t\t<\/div>\n\t\t<\/section>\n\t\t\t\t<\/div>\n\t\t","protected":false},"excerpt":{"rendered":"<p>Presencia Estrat\u00e9gica en las Principales Ciudades de M\u00e9xico:Soporte T\u00e9cnico y Soluciones para soporte a Redes a la Medida Nuestra capacidad log\u00edstica y t\u00e9cnica nos ha permitido consolidarnos como un aliado estrat\u00e9gico en infraestructura tecnol\u00f3gica. Durante el \u00faltimo a\u00f1o, hemos tenido presencia activa en 256 municipios del pa\u00eds, atendiendo con \u00e9xito las demandas de sectores cr\u00edticos. [&hellip;]<\/p>\n","protected":false},"author":1,"featured_media":0,"parent":0,"menu_order":0,"comment_status":"closed","ping_status":"closed","template":"elementor_header_footer","meta":{"footnotes":""},"class_list":["post-115","page","type-page","status-publish","hentry"],"_links":{"self":[{"href":"https:\/\/www.esmartservicios.com.mx\/index.php?rest_route=\/wp\/v2\/pages\/115","targetHints":{"allow":["GET"]}}],"collection":[{"href":"https:\/\/www.esmartservicios.com.mx\/index.php?rest_route=\/wp\/v2\/pages"}],"about":[{"href":"https:\/\/www.esmartservicios.com.mx\/index.php?rest_route=\/wp\/v2\/types\/page"}],"author":[{"embeddable":true,"href":"https:\/\/www.esmartservicios.com.mx\/index.php?rest_route=\/wp\/v2\/users\/1"}],"replies":[{"embeddable":true,"href":"https:\/\/www.esmartservicios.com.mx\/index.php?rest_route=%2Fwp%2Fv2%2Fcomments&post=115"}],"version-history":[{"count":95,"href":"https:\/\/www.esmartservicios.com.mx\/index.php?rest_route=\/wp\/v2\/pages\/115\/revisions"}],"predecessor-version":[{"id":1312,"href":"https:\/\/www.esmartservicios.com.mx\/index.php?rest_route=\/wp\/v2\/pages\/115\/revisions\/1312"}],"wp:attachment":[{"href":"https:\/\/www.esmartservicios.com.mx\/index.php?rest_route=%2Fwp%2Fv2%2Fmedia&parent=115"}],"curies":[{"name":"wp","href":"https:\/\/api.w.org\/{rel}","templated":true}]}}